{"id":6873,"date":"2025-08-05T12:01:25","date_gmt":"2025-08-05T17:01:25","guid":{"rendered":"https:\/\/redapostolicaccrn.com\/producto\/unisex-heavy-cotton-tee\/"},"modified":"2025-09-09T09:24:27","modified_gmt":"2025-09-09T14:24:27","slug":"unisex-heavy-cotton-tee","status":"publish","type":"product","link":"https:\/\/redapostolicaccrn.com\/en\/product\/unisex-heavy-cotton-tee\/","title":{"rendered":"Unisex Heavy Cotton T-Shirt (Alcance Sinergia)"},"content":{"rendered":"<table id=\"size-guide\" style=\"min-width: 360px\">\n<thead>\n<tr>\n<th style=\"padding: 10px\">&nbsp;<\/th>\n<th style=\"color: #000000;font-weight: 500;text-align: left;font-size: 15px;padding: 10px\">S<\/th>\n<th style=\"color: #000000;font-weight: 500;text-align: left;font-size: 15px;padding: 10px\">M<\/th>\n<th style=\"color: #000000;font-weight: 500;text-align: left;font-size: 15px;padding: 10px\">L<\/th>\n<th style=\"color: #000000;font-weight: 500;text-align: left;font-size: 15px;padding: 10px\">XL<\/th>\n<th style=\"color: #000000;font-weight: 500;text-align: left;font-size: 15px;padding: 10px\">2XL<\/th>\n<th style=\"color: #000000;font-weight: 500;text-align: left;font-size: 15px;padding: 10px\">3XL<\/th>\n<th style=\"color: #000000;font-weight: 500;text-align: left;font-size: 15px;padding: 10px\">4XL<\/th>\n<th style=\"color: #000000;font-weight: 500;text-align: left;font-size: 15px;padding: 10px\">5XL<\/th>\n<\/tr>\n<\/thead>\n<tbody>\n<tr>\n<td style=\"padding: 10px;color: #525252;font-size: 15px;border-top: 1px solid #ededed\">Width, in<\/td>\n<td style=\"padding: 10px;color: #525252;font-size: 15px;border-top: 1px solid #ededed\">18.00<\/td>\n<td style=\"padding: 10px;color: #525252;font-size: 15px;border-top: 1px solid #ededed\">20.00<\/td>\n<td style=\"padding: 10px;color: #525252;font-size: 15px;border-top: 1px solid #ededed\">22.00<\/td>\n<td style=\"padding: 10px;color: #525252;font-size: 15px;border-top: 1px solid #ededed\">24.00<\/td>\n<td style=\"padding: 10px;color: #525252;font-size: 15px;border-top: 1px solid #ededed\">26.00<\/td>\n<td style=\"padding: 10px;color: #525252;font-size: 15px;border-top: 1px solid #ededed\">28.00<\/td>\n<td style=\"padding: 10px;color: #525252;font-size: 15px;border-top: 1px solid #ededed\">30.00<\/td>\n<td style=\"padding: 10px;color: #525252;font-size: 15px;border-top: 1px solid #ededed\">32.00<\/td>\n<\/tr>\n<tr>\n<td style=\"padding: 10px;color: #525252;font-size: 15px;border-top: 1px solid #ededed\">Length, in<\/td>\n<td style=\"padding: 10px;color: #525252;font-size: 15px;border-top: 1px solid #ededed\">28.00<\/td>\n<td style=\"padding: 10px;color: #525252;font-size: 15px;border-top: 1px solid #ededed\">29.00<\/td>\n<td style=\"padding: 10px;color: #525252;font-size: 15px;border-top: 1px solid #ededed\">30.00<\/td>\n<td style=\"padding: 10px;color: #525252;font-size: 15px;border-top: 1px solid #ededed\">31.00<\/td>\n<td style=\"padding: 10px;color: #525252;font-size: 15px;border-top: 1px solid #ededed\">32.00<\/td>\n<td style=\"padding: 10px;color: #525252;font-size: 15px;border-top: 1px solid #ededed\">33.00<\/td>\n<td style=\"padding: 10px;color: #525252;font-size: 15px;border-top: 1px solid #ededed\">34.00<\/td>\n<td style=\"padding: 10px;color: #525252;font-size: 15px;border-top: 1px solid #ededed\">35.00<\/td>\n<\/tr>\n<tr>\n<td style=\"padding: 10px;color: #525252;font-size: 15px;border-top: 1px solid #ededed\">Sleeve length (from center back), in<\/td>\n<td style=\"padding: 10px;color: #525252;font-size: 15px;border-top: 1px solid #ededed\">15.10<\/td>\n<td style=\"padding: 10px;color: #525252;font-size: 15px;border-top: 1px solid #ededed\">16.50<\/td>\n<td style=\"padding: 10px;color: #525252;font-size: 15px;border-top: 1px solid #ededed\">18.00<\/td>\n<td style=\"padding: 10px;color: #525252;font-size: 15px;border-top: 1px solid #ededed\">19.50<\/td>\n<td style=\"padding: 10px;color: #525252;font-size: 15px;border-top: 1px solid #ededed\">21.00<\/td>\n<td style=\"padding: 10px;color: #525252;font-size: 15px;border-top: 1px solid #ededed\">22.40<\/td>\n<td style=\"padding: 10px;color: #525252;font-size: 15px;border-top: 1px solid #ededed\">23.70<\/td>\n<td style=\"padding: 10px;color: #525252;font-size: 15px;border-top: 1px solid #ededed\">25.00<\/td>\n<\/tr>\n<tr>\n<td style=\"padding: 10px;color: #525252;font-size: 15px;border-top: 1px solid #ededed\">Size tolerance, in<\/td>\n<td style=\"padding: 10px;color: #525252;font-size: 15px;border-top: 1px solid #ededed\">1.50<\/td>\n<td style=\"padding: 10px;color: #525252;font-size: 15px;border-top: 1px solid #ededed\">1.50<\/td>\n<td style=\"padding: 10px;color: #525252;font-size: 15px;border-top: 1px solid #ededed\">1.50<\/td>\n<td style=\"padding: 10px;color: #525252;font-size: 15px;border-top: 1px solid #ededed\">1.50<\/td>\n<td style=\"padding: 10px;color: #525252;font-size: 15px;border-top: 1px solid #ededed\">1.50<\/td>\n<td style=\"padding: 10px;color: #525252;font-size: 15px;border-top: 1px solid #ededed\">1.50<\/td>\n<td style=\"padding: 10px;color: #525252;font-size: 15px;border-top: 1px solid #ededed\">1.50<\/td>\n<td style=\"padding: 10px;color: #525252;font-size: 15px;border-top: 1px solid #ededed\">1.50<\/td>\n<\/tr>\n<\/tbody>\n<\/table>\n<p>The unisex heavy cotton tee is the basic staple of any wardrobe. It is the foundation upon which casual fashion grows. All it needs is a personalized design to elevate things to profitability. The specially spun fibers provide a smooth surface for premium printing vividity and sharpness. No side seams mean there are no itchy interruptions under the arms. The shoulders have tape for improved durability.<\/p>\n<p>&nbsp;<\/p>\n<p>.: Made with medium fabric (5.3 oz\/yd&sup2; (180 g\/m&sup2;)) consisting of 100% cotton for year-round comfort that is sustainable and highly durable. <br \/>.: The classic fit of this shirt ensures a comfy, relaxed wear while the crew neckline adds that neat, timeless look that can blend into any occasion, casual or semi-formal.<br \/>.: The tear-away label means a scratch-free experience with no irritation or discomfort whatsoever.<br \/>.: Made using 100% US cotton that is ethically grown and harvested. Gildan is also a proud member of the US Cotton Trust Protocol ensuring ethical and sustainable means of production. This blank tee is certified by Oeko-Tex for safety and quality assurance.<\/p>","protected":false},"excerpt":{"rendered":"<p>This T-shirt is high quality, made of 100% cotton, and comes in a wide variety of colors and sizes to fit you.<\/p>\n<ul>\n<li>Crafted from medium-weight fabric (180 g\/m\u00b2) of 100% cotton for year-round comfort, sustainable, and highly durable.<\/li>\n<li>The classic cut of this T-shirt ensures a comfortable, relaxed fit, while the crew neck provides a clean, timeless look that suits any occasion, whether casual or semi-formal.<\/li>\n<li>Confeccionada con 100 % algod\u00f3n estadounidense, cultivado y cosechado \u00e9ticamente.<\/li>\n<li>Gildan tambi\u00e9n es miembro orgulloso del Protocolo US Cotton Trust, que garantiza m\u00e9todos de producci\u00f3n \u00e9ticos y sostenibles.<\/li>\n<\/ul>\n<blockquote><p>&nbsp;<\/p><\/blockquote>","protected":false},"featured_media":7338,"template":"","meta":{"_monsterinsights_skip_tracking":false,"_monsterinsights_sitenote_active":false,"_monsterinsights_sitenote_note":"","_monsterinsights_sitenote_category":0,"site-sidebar-layout":"default","site-content-layout":"","ast-site-content-layout":"default","site-content-style":"default","site-sidebar-style":"default","ast-global-header-display":"","ast-banner-title-visibility":"","ast-main-header-display":"","ast-hfb-above-header-display":"","ast-hfb-below-header-display":"","ast-hfb-mobile-header-display":"","site-post-title":"","ast-breadcrumbs-content":"","ast-featured-img":"","footer-sml-layout":"","ast-disable-related-posts":"","theme-transparent-header-meta":"default","adv-header-id-meta":"","stick-header-meta":"","header-above-stick-meta":"","header-main-stick-meta":"","header-below-stick-meta":"","astra-migrate-meta-layouts":"set","ast-page-background-enabled":"default","ast-page-background-meta":{"desktop":{"background-color":"var(--ast-global-color-4)","background-image":"","background-repeat":"repeat","background-position":"center center","background-size":"auto","background-attachment":"scroll","background-type":"","background-media":"","overlay-type":"","overlay-color":"","overlay-opacity":"","overlay-gradient":""},"tablet":{"background-color":"","background-image":"","background-repeat":"repeat","background-position":"center center","background-size":"auto","background-attachment":"scroll","background-type":"","background-media":"","overlay-type":"","overlay-color":"","overlay-opacity":"","overlay-gradient":""},"mobile":{"background-color":"","background-image":"","background-repeat":"repeat","background-position":"center center","background-size":"auto","background-attachment":"scroll","background-type":"","background-media":"","overlay-type":"","overlay-color":"","overlay-opacity":"","overlay-gradient":""}},"ast-content-background-meta":{"desktop":{"background-color":"var(--ast-global-color-5)","background-image":"","background-repeat":"repeat","background-position":"center center","background-size":"auto","background-attachment":"scroll","background-type":"","background-media":"","overlay-type":"","overlay-color":"","overlay-opacity":"","overlay-gradient":""},"tablet":{"background-color":"var(--ast-global-color-5)","background-image":"","background-repeat":"repeat","background-position":"center center","background-size":"auto","background-attachment":"scroll","background-type":"","background-media":"","overlay-type":"","overlay-color":"","overlay-opacity":"","overlay-gradient":""},"mobile":{"background-color":"var(--ast-global-color-5)","background-image":"","background-repeat":"repeat","background-position":"center center","background-size":"auto","background-attachment":"scroll","background-type":"","background-media":"","overlay-type":"","overlay-color":"","overlay-opacity":"","overlay-gradient":""}}},"product_brand":[],"product_cat":[34],"product_tag":[],"class_list":{"0":"post-6873","1":"product","2":"type-product","3":"status-publish","4":"has-post-thumbnail","6":"product_cat-camisas","7":"desktop-align-left","8":"tablet-align-left","9":"mobile-align-left","11":"first","12":"instock","13":"shipping-taxable","14":"purchasable","15":"product-type-variable","16":"has-default-attributes"},"_links":{"self":[{"href":"https:\/\/redapostolicaccrn.com\/en\/wp-json\/wp\/v2\/product\/6873","targetHints":{"allow":["GET"]}}],"collection":[{"href":"https:\/\/redapostolicaccrn.com\/en\/wp-json\/wp\/v2\/product"}],"about":[{"href":"https:\/\/redapostolicaccrn.com\/en\/wp-json\/wp\/v2\/types\/product"}],"wp:featuredmedia":[{"embeddable":true,"href":"https:\/\/redapostolicaccrn.com\/en\/wp-json\/wp\/v2\/media\/7338"}],"wp:attachment":[{"href":"https:\/\/redapostolicaccrn.com\/en\/wp-json\/wp\/v2\/media?parent=6873"}],"wp:term":[{"taxonomy":"product_brand","embeddable":true,"href":"https:\/\/redapostolicaccrn.com\/en\/wp-json\/wp\/v2\/product_brand?post=6873"},{"taxonomy":"product_cat","embeddable":true,"href":"https:\/\/redapostolicaccrn.com\/en\/wp-json\/wp\/v2\/product_cat?post=6873"},{"taxonomy":"product_tag","embeddable":true,"href":"https:\/\/redapostolicaccrn.com\/en\/wp-json\/wp\/v2\/product_tag?post=6873"}],"curies":[{"name":"wp","href":"https:\/\/api.w.org\/{rel}","templated":true}]}}