{"id":6838,"date":"2025-08-05T12:01:02","date_gmt":"2025-08-05T17:01:02","guid":{"rendered":"https:\/\/redapostolicaccrn.com\/producto\/unisex-ecosmart-pullover-hoodie-sweatshirt\/"},"modified":"2025-09-02T08:53:03","modified_gmt":"2025-09-02T13:53:03","slug":"unisex-ecosmart-pullover-hoodie-sweatshirt","status":"publish","type":"product","link":"https:\/\/redapostolicaccrn.com\/en\/product\/unisex-ecosmart-pullover-hoodie-sweatshirt\/","title":{"rendered":"Unisex  Hoodie Sweatshirt (Alcance Sinergia)"},"content":{"rendered":"<blockquote><p><span style=\"font-size: 16px;\">Tenga en cuenta que <\/span><strong style=\"font-size: 16px;\">Nuestro Proveedor <\/strong><span style=\"font-size: 16px;\">no se responsabiliza ni ofrece reimpresiones ni reembolsos si el cliente pidi\u00f3 una talla o color incorrectos. Sin embargo, en caso de un producto da\u00f1ado o un error de fabricaci\u00f3n, se ofrece una reimpresi\u00f3n gratuita o un reembolso si se comunica con nosotros\u00a0<\/span><strong style=\"font-size: 16px;\">dentro de los 30 d\u00edas posteriores a la entrega del producto.<\/strong><span style=\"font-size: 16px;\"> \u00a0Por favor, cont\u00e1ctenos mediante el correo electr\u00f3nico (redapostolicaccrnintl@gmail.com), y le ayudaremos a gestionar el asunto; adjunto env\u00ede una foto clara que muestre el problema.<\/span><\/p><\/blockquote>\n<p>&nbsp;<\/p>","protected":false},"excerpt":{"rendered":"<p>La sudadera unisex con capucha Hanes ComfortBlend\u00ae EcoSmart\u00ae es una excelente opci\u00f3n para cualquiera. Esta sudadera cuenta con un amplio bolsillo frontal. Est\u00e1 confeccionada con un forro polar patentado, lo que la convierte en una prenda suave y de calidad. Esta sudadera con capucha no tiene etiqueta en el cuello y est\u00e1 hecha con hasta un 5 % de poli\u00e9ster reciclado.<\/p>\n<ul>\n<li>50 % algod\u00f3n, 50 % poli\u00e9ster (seg\u00fan el color var\u00eda la tela)<\/li>\n<li>Medium fabric (7.8 oz\/yd\u00b2 (264 g\/m\u00b2))<\/li>\n<li>Corte regular<\/li>\n<li>Interior de forro polar<\/li>\n<li>Etiqueta en el cuello sin etiqueta<\/li>\n<\/ul>","protected":false},"featured_media":7163,"template":"","meta":{"_monsterinsights_skip_tracking":false,"_monsterinsights_sitenote_active":false,"_monsterinsights_sitenote_note":"","_monsterinsights_sitenote_category":0,"site-sidebar-layout":"default","site-content-layout":"","ast-site-content-layout":"default","site-content-style":"default","site-sidebar-style":"default","ast-global-header-display":"","ast-banner-title-visibility":"","ast-main-header-display":"","ast-hfb-above-header-display":"","ast-hfb-below-header-display":"","ast-hfb-mobile-header-display":"","site-post-title":"","ast-breadcrumbs-content":"","ast-featured-img":"","footer-sml-layout":"","ast-disable-related-posts":"","theme-transparent-header-meta":"default","adv-header-id-meta":"","stick-header-meta":"","header-above-stick-meta":"","header-main-stick-meta":"","header-below-stick-meta":"","astra-migrate-meta-layouts":"set","ast-page-background-enabled":"default","ast-page-background-meta":{"desktop":{"background-color":"var(--ast-global-color-4)","background-image":"","background-repeat":"repeat","background-position":"center center","background-size":"auto","background-attachment":"scroll","background-type":"","background-media":"","overlay-type":"","overlay-color":"","overlay-opacity":"","overlay-gradient":""},"tablet":{"background-color":"","background-image":"","background-repeat":"repeat","background-position":"center center","background-size":"auto","background-attachment":"scroll","background-type":"","background-media":"","overlay-type":"","overlay-color":"","overlay-opacity":"","overlay-gradient":""},"mobile":{"background-color":"","background-image":"","background-repeat":"repeat","background-position":"center center","background-size":"auto","background-attachment":"scroll","background-type":"","background-media":"","overlay-type":"","overlay-color":"","overlay-opacity":"","overlay-gradient":""}},"ast-content-background-meta":{"desktop":{"background-color":"var(--ast-global-color-5)","background-image":"","background-repeat":"repeat","background-position":"center center","background-size":"auto","background-attachment":"scroll","background-type":"","background-media":"","overlay-type":"","overlay-color":"","overlay-opacity":"","overlay-gradient":""},"tablet":{"background-color":"var(--ast-global-color-5)","background-image":"","background-repeat":"repeat","background-position":"center center","background-size":"auto","background-attachment":"scroll","background-type":"","background-media":"","overlay-type":"","overlay-color":"","overlay-opacity":"","overlay-gradient":""},"mobile":{"background-color":"var(--ast-global-color-5)","background-image":"","background-repeat":"repeat","background-position":"center center","background-size":"auto","background-attachment":"scroll","background-type":"","background-media":"","overlay-type":"","overlay-color":"","overlay-opacity":"","overlay-gradient":""}}},"product_brand":[],"product_cat":[35],"product_tag":[],"class_list":{"0":"post-6838","1":"product","2":"type-product","3":"status-publish","4":"has-post-thumbnail","6":"product_cat-hoodie","7":"desktop-align-left","8":"tablet-align-left","9":"mobile-align-left","11":"first","12":"instock","13":"featured","14":"shipping-taxable","15":"purchasable","16":"product-type-variable","17":"has-default-attributes"},"_links":{"self":[{"href":"https:\/\/redapostolicaccrn.com\/en\/wp-json\/wp\/v2\/product\/6838","targetHints":{"allow":["GET"]}}],"collection":[{"href":"https:\/\/redapostolicaccrn.com\/en\/wp-json\/wp\/v2\/product"}],"about":[{"href":"https:\/\/redapostolicaccrn.com\/en\/wp-json\/wp\/v2\/types\/product"}],"wp:featuredmedia":[{"embeddable":true,"href":"https:\/\/redapostolicaccrn.com\/en\/wp-json\/wp\/v2\/media\/7163"}],"wp:attachment":[{"href":"https:\/\/redapostolicaccrn.com\/en\/wp-json\/wp\/v2\/media?parent=6838"}],"wp:term":[{"taxonomy":"product_brand","embeddable":true,"href":"https:\/\/redapostolicaccrn.com\/en\/wp-json\/wp\/v2\/product_brand?post=6838"},{"taxonomy":"product_cat","embeddable":true,"href":"https:\/\/redapostolicaccrn.com\/en\/wp-json\/wp\/v2\/product_cat?post=6838"},{"taxonomy":"product_tag","embeddable":true,"href":"https:\/\/redapostolicaccrn.com\/en\/wp-json\/wp\/v2\/product_tag?post=6838"}],"curies":[{"name":"wp","href":"https:\/\/api.w.org\/{rel}","templated":true}]}}