{"id":6798,"date":"2025-08-05T12:00:13","date_gmt":"2025-08-05T17:00:13","guid":{"rendered":"https:\/\/redapostolicaccrn.com\/producto\/accent-coffee-mug-11-15oz\/"},"modified":"2025-09-02T07:41:21","modified_gmt":"2025-09-02T12:41:21","slug":"accent-coffee-mug-11-15oz","status":"publish","type":"product","link":"https:\/\/redapostolicaccrn.com\/en\/product\/accent-coffee-mug-11-15oz\/","title":{"rendered":"Coffee Mug  (Alcance Sinergia)"},"content":{"rendered":"<blockquote><p><span style=\"font-size: 16px;\">Nuestro proveedor ofrece un reembolso si una taza llega da\u00f1ada o con un defecto de fabricaci\u00f3n. El problema debe reportarse dentro de <\/span><strong style=\"font-size: 16px;\">los 30 d\u00edas posteriores a la entrega<\/strong><span style=\"font-size: 16px;\"> mediante correo electr\u00f3nico (redapostolicaccrnintl@gmail.com) y le ayudaremos a gestionar el asunto, adjunto env\u00ede una foto clara que muestre el problema.<\/span><\/p><\/blockquote>","protected":false},"excerpt":{"rendered":"<p>Descubre a tu pr\u00f3xima compa\u00f1era favorita para las ma\u00f1anas: la taza de cer\u00e1mica con detalles combina a la perfecci\u00f3n estilo y funcionalidad para realzar tu bebida favorita. Hecha de cer\u00e1mica blanca y con un elegante acabado brillante con un llamativo contraste. El asa ergon\u00f3mica en forma de C proporciona un agarre c\u00f3modo, mientras que su fabricaci\u00f3n sin plomo ni BPA garantiza tranquilidad.<\/p>\n<ul>\n<li>Material: cer\u00e1mica blanca con interior y asa de color<\/li>\n<li>Tama\u00f1o: 11oz (0.33 l)<\/li>\n<li>Contraste de color llamativo<\/li>\n<li>Elige entre varios colores de interior<\/li>\n<li>Sin plomo ni BPA<\/li>\n<\/ul>","protected":false},"featured_media":7319,"template":"","meta":{"_monsterinsights_skip_tracking":false,"_monsterinsights_sitenote_active":false,"_monsterinsights_sitenote_note":"","_monsterinsights_sitenote_category":0,"site-sidebar-layout":"default","site-content-layout":"","ast-site-content-layout":"default","site-content-style":"default","site-sidebar-style":"default","ast-global-header-display":"","ast-banner-title-visibility":"","ast-main-header-display":"","ast-hfb-above-header-display":"","ast-hfb-below-header-display":"","ast-hfb-mobile-header-display":"","site-post-title":"","ast-breadcrumbs-content":"","ast-featured-img":"","footer-sml-layout":"","ast-disable-related-posts":"","theme-transparent-header-meta":"default","adv-header-id-meta":"","stick-header-meta":"","header-above-stick-meta":"","header-main-stick-meta":"","header-below-stick-meta":"","astra-migrate-meta-layouts":"set","ast-page-background-enabled":"default","ast-page-background-meta":{"desktop":{"background-color":"var(--ast-global-color-4)","background-image":"","background-repeat":"repeat","background-position":"center center","background-size":"auto","background-attachment":"scroll","background-type":"","background-media":"","overlay-type":"","overlay-color":"","overlay-opacity":"","overlay-gradient":""},"tablet":{"background-color":"","background-image":"","background-repeat":"repeat","background-position":"center center","background-size":"auto","background-attachment":"scroll","background-type":"","background-media":"","overlay-type":"","overlay-color":"","overlay-opacity":"","overlay-gradient":""},"mobile":{"background-color":"","background-image":"","background-repeat":"repeat","background-position":"center center","background-size":"auto","background-attachment":"scroll","background-type":"","background-media":"","overlay-type":"","overlay-color":"","overlay-opacity":"","overlay-gradient":""}},"ast-content-background-meta":{"desktop":{"background-color":"var(--ast-global-color-5)","background-image":"","background-repeat":"repeat","background-position":"center center","background-size":"auto","background-attachment":"scroll","background-type":"","background-media":"","overlay-type":"","overlay-color":"","overlay-opacity":"","overlay-gradient":""},"tablet":{"background-color":"var(--ast-global-color-5)","background-image":"","background-repeat":"repeat","background-position":"center center","background-size":"auto","background-attachment":"scroll","background-type":"","background-media":"","overlay-type":"","overlay-color":"","overlay-opacity":"","overlay-gradient":""},"mobile":{"background-color":"var(--ast-global-color-5)","background-image":"","background-repeat":"repeat","background-position":"center center","background-size":"auto","background-attachment":"scroll","background-type":"","background-media":"","overlay-type":"","overlay-color":"","overlay-opacity":"","overlay-gradient":""}}},"product_brand":[],"product_cat":[15],"product_tag":[],"class_list":{"0":"post-6798","1":"product","2":"type-product","3":"status-publish","4":"has-post-thumbnail","6":"product_cat-sin-categorizar","7":"desktop-align-left","8":"tablet-align-left","9":"mobile-align-left","11":"first","12":"instock","13":"featured","14":"shipping-taxable","15":"purchasable","16":"product-type-variable","17":"has-default-attributes"},"_links":{"self":[{"href":"https:\/\/redapostolicaccrn.com\/en\/wp-json\/wp\/v2\/product\/6798","targetHints":{"allow":["GET"]}}],"collection":[{"href":"https:\/\/redapostolicaccrn.com\/en\/wp-json\/wp\/v2\/product"}],"about":[{"href":"https:\/\/redapostolicaccrn.com\/en\/wp-json\/wp\/v2\/types\/product"}],"wp:featuredmedia":[{"embeddable":true,"href":"https:\/\/redapostolicaccrn.com\/en\/wp-json\/wp\/v2\/media\/7319"}],"wp:attachment":[{"href":"https:\/\/redapostolicaccrn.com\/en\/wp-json\/wp\/v2\/media?parent=6798"}],"wp:term":[{"taxonomy":"product_brand","embeddable":true,"href":"https:\/\/redapostolicaccrn.com\/en\/wp-json\/wp\/v2\/product_brand?post=6798"},{"taxonomy":"product_cat","embeddable":true,"href":"https:\/\/redapostolicaccrn.com\/en\/wp-json\/wp\/v2\/product_cat?post=6798"},{"taxonomy":"product_tag","embeddable":true,"href":"https:\/\/redapostolicaccrn.com\/en\/wp-json\/wp\/v2\/product_tag?post=6798"}],"curies":[{"name":"wp","href":"https:\/\/api.w.org\/{rel}","templated":true}]}}