{"id":6160,"date":"2025-04-05T12:46:53","date_gmt":"2025-04-05T17:46:53","guid":{"rendered":"https:\/\/redapostolicaccrn.com\/?page_id=6160"},"modified":"2025-10-16T11:12:11","modified_gmt":"2025-10-16T16:12:11","slug":"noticiasypublicaciones","status":"publish","type":"page","link":"https:\/\/redapostolicaccrn.com\/en\/noticiasypublicaciones\/","title":{"rendered":"News and Publications"},"content":{"rendered":"<div data-elementor-type=\"wp-page\" data-elementor-id=\"6160\" class=\"elementor elementor-6160\" data-elementor-post-type=\"page\">\n\t\t\t\t<div class=\"elementor-element elementor-element-89017b8 e-con-full e-flex e-con e-parent\" data-id=\"89017b8\" data-element_type=\"container\" data-e-type=\"container\" data-settings=\"{&quot;background_background&quot;:&quot;classic&quot;}\">\n\t\t\t\t<div class=\"elementor-element elementor-element-0eac28d elementor-widget__width-inherit elementor-widget elementor-widget-sina_content_slider\" data-id=\"0eac28d\" data-element_type=\"widget\" data-e-type=\"widget\" data-widget_type=\"sina_content_slider.default\">\n\t\t\t\t<div class=\"elementor-widget-container\">\n\t\t\t\t\t\t\t<div class=\"sina-content-slider owl-carousel\"\r\n\t\tdata-item-lg=\"1\"\r\n\t\tdata-item-md=\"1\"\r\n\t\tdata-item-sm=\"1\"\r\n\t\tdata-autoplay=\"yes\"\r\n\t\tdata-pause=\"yes\"\r\n\t\tdata-center=\"\"\r\n\t\tdata-slide-anim=\"fadeIn\"\r\n\t\tdata-slide-anim-out=\"fadeOut\"\r\n\t\tdata-nav=\"yes\"\r\n\t\tdata-dots=\"\"\r\n\t\tdata-mouse-drag=\"yes\"\r\n\t\tdata-touch-drag=\"yes\"\r\n\t\tdata-loop=\"yes\"\r\n\t\tdata-speed=\"\"\r\n\t\tdata-delay=\"5000\">\r\n\r\n\t\t\t\t\t\t\t<div class=\"sina-cs-item elementor-repeater-item-f26a763\">\r\n\t\t\t\t\t<style>.elementor-6774 .elementor-element.elementor-element-a5c94ba{--display:flex;--min-height:800px;--flex-direction:column;--container-widget-width:100%;--container-widget-height:initial;--container-widget-flex-grow:0;--container-widget-align-self:initial;--flex-wrap-mobile:wrap;--overlay-opacity:0.5;--margin-top:0px;--margin-bottom:0px;--margin-left:0px;--margin-right:0px;}.elementor-6774 .elementor-element.elementor-element-a5c94ba:not(.elementor-motion-effects-element-type-background), .elementor-6774 .elementor-element.elementor-element-a5c94ba > .elementor-motion-effects-container > .elementor-motion-effects-layer{background-image:url(\"https:\/\/redapostolicaccrn.com\/wp-content\/uploads\/2025\/06\/Generic-News-General-News-YouTube-Banner-in-Dark-Blue-Red-White-Modern-Style-scaled.jpg\");background-position:center center;background-repeat:no-repeat;background-size:cover;}.elementor-6774 .elementor-element.elementor-element-a5c94ba::before, .elementor-6774 .elementor-element.elementor-element-a5c94ba > .elementor-background-video-container::before, .elementor-6774 .elementor-element.elementor-element-a5c94ba > .e-con-inner > .elementor-background-video-container::before, .elementor-6774 .elementor-element.elementor-element-a5c94ba > .elementor-background-slideshow::before, .elementor-6774 .elementor-element.elementor-element-a5c94ba > .e-con-inner > .elementor-background-slideshow::before, .elementor-6774 .elementor-element.elementor-element-a5c94ba > .elementor-motion-effects-container > .elementor-motion-effects-layer::before{--background-overlay:'';background-color:#000000C7;}.elementor-widget-heading .elementor-heading-title{font-family:var( --e-global-typography-primary-font-family ), inter;font-weight:var( --e-global-typography-primary-font-weight );color:var( --e-global-color-primary );}.elementor-6774 .elementor-element.elementor-element-8927dbc{text-align:start;}.elementor-6774 .elementor-element.elementor-element-8927dbc .elementor-heading-title{font-family:\"Inter\", inter;font-size:60px;font-weight:500;color:#FFFFFF;}.elementor-6774 .elementor-element.elementor-element-8927dbc > .elementor-widget-container{margin:440px 0px 0px 160px;}.elementor-6774 .elementor-element.elementor-element-0477ac1 .elementor-heading-title{font-family:\"Inter\", inter;font-size:20px;font-weight:400;}.elementor-6774 .elementor-element.elementor-element-0477ac1 > .elementor-widget-container{margin:-20px 0px 0px 160px;}@media(max-width:1024px){.elementor-6774 .elementor-element.elementor-element-a5c94ba{--min-height:560px;}.elementor-6774 .elementor-element.elementor-element-a5c94ba:not(.elementor-motion-effects-element-type-background), .elementor-6774 .elementor-element.elementor-element-a5c94ba > .elementor-motion-effects-container > .elementor-motion-effects-layer{background-size:cover;}.elementor-6774 .elementor-element.elementor-element-8927dbc .elementor-heading-title{font-size:55px;}.elementor-6774 .elementor-element.elementor-element-8927dbc > .elementor-widget-container{margin:300px 0px 0px 100px;padding:0px 0px 0px 0px;}.elementor-6774 .elementor-element.elementor-element-8927dbc.elementor-element{--align-self:flex-start;}.elementor-6774 .elementor-element.elementor-element-0477ac1 .elementor-heading-title{font-size:18px;}.elementor-6774 .elementor-element.elementor-element-0477ac1 > .elementor-widget-container{margin:-25px 0px 0px 100px;}.elementor-6774 .elementor-element.elementor-element-0477ac1.elementor-element{--align-self:flex-start;}}@media(max-width:767px){.elementor-6774 .elementor-element.elementor-element-a5c94ba{--width:733px;--min-height:300px;--justify-content:flex-start;}.elementor-6774 .elementor-element.elementor-element-a5c94ba:not(.elementor-motion-effects-element-type-background), .elementor-6774 .elementor-element.elementor-element-a5c94ba > .elementor-motion-effects-container > .elementor-motion-effects-layer{background-size:cover;}.elementor-6774 .elementor-element.elementor-element-8927dbc .elementor-heading-title{font-size:25px;}.elementor-6774 .elementor-element.elementor-element-8927dbc > .elementor-widget-container{margin:163px 0px 0px 025px;}.elementor-6774 .elementor-element.elementor-element-0477ac1 .elementor-heading-title{font-size:10px;}.elementor-6774 .elementor-element.elementor-element-0477ac1 > .elementor-widget-container{margin:-20px 0px 0px 025px;}}<\/style>\t\t<div data-elementor-type=\"section\" data-elementor-id=\"6774\" class=\"elementor elementor-6774\" data-elementor-post-type=\"elementor_library\">\n\t\t\t<div class=\"elementor-element elementor-element-a5c94ba e-con-full e-flex e-con e-parent\" data-id=\"a5c94ba\" data-element_type=\"container\" data-e-type=\"container\" data-settings=\"{&quot;background_background&quot;:&quot;classic&quot;}\">\n\t\t\t\t<div class=\"elementor-element elementor-element-8927dbc animated-slow elementor-invisible elementor-widget elementor-widget-heading\" data-id=\"8927dbc\" data-element_type=\"widget\" data-e-type=\"widget\" data-settings=\"{&quot;_animation&quot;:&quot;fadeInDown&quot;}\" data-widget_type=\"heading.default\">\n\t\t\t\t<div class=\"elementor-widget-container\">\n\t\t\t\t\t<h2 class=\"elementor-heading-title elementor-size-default\">Events and News <\/h2>\t\t\t\t<\/div>\n\t\t\t\t<\/div>\n\t\t\t\t<div class=\"elementor-element elementor-element-0477ac1 animated-slow elementor-invisible elementor-widget elementor-widget-heading\" data-id=\"0477ac1\" data-element_type=\"widget\" data-e-type=\"widget\" data-settings=\"{&quot;_animation&quot;:&quot;fadeInDown&quot;}\" data-widget_type=\"heading.default\">\n\t\t\t\t<div class=\"elementor-widget-container\">\n\t\t\t\t\t<h2 class=\"elementor-heading-title elementor-size-default\">Stay up to date with everything that's happening in the Apostolic Network. <br>Here you'll find up-to-date information on special events, activities, and relevant news.<\/h2>\t\t\t\t<\/div>\n\t\t\t\t<\/div>\n\t\t\t\t<\/div>\n\t\t\t\t<\/div>\n\t\t\t\t\t\t<\/div>\r\n\t\t\t\r\n\t\t<\/div><!-- .sina-content-slider -->\r\n\t\t\t\t\t\t<\/div>\n\t\t\t\t<\/div>\n\t\t\t\t<\/div>\n\t\t<div class=\"elementor-element elementor-element-a1b2704 e-flex e-con-boxed e-con e-parent\" data-id=\"a1b2704\" data-element_type=\"container\" data-e-type=\"container\">\n\t\t\t\t\t<div class=\"e-con-inner\">\n\t\t\t\t<div class=\"elementor-element elementor-element-0cb5590 elementor-widget elementor-widget-spacer\" data-id=\"0cb5590\" data-element_type=\"widget\" data-e-type=\"widget\" data-widget_type=\"spacer.default\">\n\t\t\t\t<div class=\"elementor-widget-container\">\n\t\t\t\t\t\t\t<div class=\"elementor-spacer\">\n\t\t\t<div class=\"elementor-spacer-inner\"><\/div>\n\t\t<\/div>\n\t\t\t\t\t\t<\/div>\n\t\t\t\t<\/div>\n\t\t\t\t<div class=\"elementor-element elementor-element-f68a4db elementor-widget elementor-widget-heading\" data-id=\"f68a4db\" data-element_type=\"widget\" data-e-type=\"widget\" data-widget_type=\"heading.default\">\n\t\t\t\t<div class=\"elementor-widget-container\">\n\t\t\t\t\t<h2 class=\"elementor-heading-title elementor-size-default\">Latest News<\/h2>\t\t\t\t<\/div>\n\t\t\t\t<\/div>\n\t\t\t\t<div class=\"elementor-element elementor-element-8218b9c elementor-widget elementor-widget-sina_blogpost\" data-id=\"8218b9c\" data-element_type=\"widget\" data-e-type=\"widget\" data-widget_type=\"sina_blogpost.default\">\n\t\t\t\t<div class=\"elementor-widget-container\">\n\t\t\t\t\t\t\t\t<div class=\"sina-blogpost sina-bp-8218b9c\"\r\n\t\t\tdata-uid=\"8218b9c\"\r\n\t\t\tdata-offset=\"3\"\r\n\t\t\tdata-posts-data='{\"post_type\":\"post\",\"posts_num\":3,\"offset\":3,\"total_posts\":5,\"layout\":\"grid\",\"columns\":\"3\",\"layout_type\":\"default\",\"custom_columns\":null,\"categories\":[\"51\"],\"tags\":\"\",\"order_by\":\"date\",\"sort\":\"DESC\",\"posts_text\":\"yes\",\"excerpt\":\"yes\",\"content_length\":50,\"posts_meta\":\"\",\"thumb_right\":null,\"is_thumb\":\"yes\",\"read_more_effect\":\"\",\"read_more_text\":\"Leer M\\u00e1s\",\"read_more_icon\":\"\",\"read_more_icon_align\":null,\"effects\":\"\",\"cats_position\":null,\"cats_icon\":null,\"posts_avatar\":null,\"avatar_size\":null,\"read_btn_bg_layer_effects\":\"\",\"bg_layer_effects\":\"\"}'>\r\n\t\t\t\t<div class=\"sina-bp-grid\">\r\n\t\t\t\t\t<div class=\"sina-bp-grid-sizer\"><\/div>\r\n\t\t\t\t\t\t\t\t\t\t\t\t<div class=\"sina-bp-col sina-bp-item-3\">\r\n\t\t<div class=\"sina-bp\">\r\n\t\t\t\t\t\t\t<div class=\"sina-bg-thumb\">\r\n\t\t\t\t\t<img decoding=\"async\" src=\"https:\/\/redapostolicaccrn.com\/wp-content\/uploads\/2025\/05\/Facebook-Cover-Red-Apostolica-CCRN-Eventos1200-x-628-px-1000-x-500-mm.jpg\" alt=\"Video Congreso Legado &#8211; Ap. Raul\">\r\n\t\t\t\t\t<div class=\"sina-overlay\">\r\n\t\t\t\t\t\t<a href=\"https:\/\/redapostolicaccrn.com\/en\/2025\/05\/06\/clip-congreso-legado-ap-raul\/\"><\/a>\r\n\t\t\t\t\t<\/div>\r\n\t\t\t\t<\/div>\r\n\t\t\t\t\t\t<div class=\"sina-bp-content\">\r\n\t\t\t\t\t\t\t\t<h2 class=\"sina-bp-title\">\r\n\t\t\t\t\t<a href=\"https:\/\/redapostolicaccrn.com\/en\/2025\/05\/06\/clip-congreso-legado-ap-raul\/\">Congreso Legado Video \u2013 Ap. Raul<\/a>\r\n\t\t\t\t<\/h2>\r\n\t\t\t\t\r\n\t\t\t\t\t\t\t\t\t<div class=\"sina-bp-text\">\r\n\t\t\t\t\t\tListen to a bit of what our Representative Ap. Raul shared with us at the Legacy conference in Guatemala.\t\t\t\t\t<\/div>\r\n\t\t\t\t\r\n\t\t\t\t\t\t\t\t\t<div class=\"sina-btn-wrapper\">\r\n\t\t\t\t\t\t<a href=\"https:\/\/redapostolicaccrn.com\/en\/2025\/05\/06\/clip-congreso-legado-ap-raul\/\" class=\"sina-read-more\">\r\n\t\t\t\t\t\t\t\t\tRead More\t\t\t\t\t\t\t\t<\/a>\r\n\t\t\t\t\t<\/div>\r\n\t\t\t\t\t\t\t\t\t\t\t<\/div>\r\n\t\t<\/div>\r\n\t<\/div>\r\n\t<div class=\"sina-bp-col sina-bp-item-3\">\r\n\t\t<div class=\"sina-bp\">\r\n\t\t\t\t\t\t\t<div class=\"sina-bg-thumb\">\r\n\t\t\t\t\t<img decoding=\"async\" src=\"https:\/\/redapostolicaccrn.com\/wp-content\/uploads\/2025\/06\/Pagina-Web-Red-Apostolcia-Medidas-1600-x-1066-px.jpg\" alt=\"Alcance Puerto Rico 2025\">\r\n\t\t\t\t\t<div class=\"sina-overlay\">\r\n\t\t\t\t\t\t<a href=\"https:\/\/redapostolicaccrn.com\/en\/2025\/04\/25\/alcance-puerto-rico-2025\/\"><\/a>\r\n\t\t\t\t\t<\/div>\r\n\t\t\t\t<\/div>\r\n\t\t\t\t\t\t<div class=\"sina-bp-content\">\r\n\t\t\t\t\t\t\t\t<h2 class=\"sina-bp-title\">\r\n\t\t\t\t\t<a href=\"https:\/\/redapostolicaccrn.com\/en\/2025\/04\/25\/alcance-puerto-rico-2025\/\">Alcance Puerto Rico 2025<\/a>\r\n\t\t\t\t<\/h2>\r\n\t\t\t\t\r\n\t\t\t\t\t\t\t\t\t<div class=\"sina-bp-text\">\r\n\t\t\t\t\t\tLearn more about our annual conference, Reach 2025. For more information, click here to register.\t\t\t\t\t<\/div>\r\n\t\t\t\t\r\n\t\t\t\t\t\t\t\t\t<div class=\"sina-btn-wrapper\">\r\n\t\t\t\t\t\t<a href=\"https:\/\/redapostolicaccrn.com\/en\/2025\/04\/25\/alcance-puerto-rico-2025\/\" class=\"sina-read-more\">\r\n\t\t\t\t\t\t\t\t\tRead More\t\t\t\t\t\t\t\t<\/a>\r\n\t\t\t\t\t<\/div>\r\n\t\t\t\t\t\t\t\t\t\t\t<\/div>\r\n\t\t<\/div>\r\n\t<\/div>\r\n\t<div class=\"sina-bp-col sina-bp-item-3\">\r\n\t\t<div class=\"sina-bp\">\r\n\t\t\t\t\t\t\t<div class=\"sina-bg-thumb\">\r\n\t\t\t\t\t<img decoding=\"async\" src=\"https:\/\/redapostolicaccrn.com\/wp-content\/uploads\/2025\/04\/Pre-Alcance-2025-CCNJ-Pagina-Web-REDD-1600-x-1066-px.jpg\" alt=\"Pre-Alcance 2025\">\r\n\t\t\t\t\t<div class=\"sina-overlay\">\r\n\t\t\t\t\t\t<a href=\"https:\/\/redapostolicaccrn.com\/en\/2025\/04\/05\/ejemplo3\/\"><\/a>\r\n\t\t\t\t\t<\/div>\r\n\t\t\t\t<\/div>\r\n\t\t\t\t\t\t<div class=\"sina-bp-content\">\r\n\t\t\t\t\t\t\t\t<h2 class=\"sina-bp-title\">\r\n\t\t\t\t\t<a href=\"https:\/\/redapostolicaccrn.com\/en\/2025\/04\/05\/ejemplo3\/\">Pre-Alcance 2025<\/a>\r\n\t\t\t\t<\/h2>\r\n\t\t\t\t\r\n\t\t\t\t\t\t\t\t\t<div class=\"sina-bp-text\">\r\n\t\t\t\t\t\tPre-Reach is the prelude to what will happen at REACH 2025 Puerto Rico.\t\t\t\t\t<\/div>\r\n\t\t\t\t\r\n\t\t\t\t\t\t\t\t\t<div class=\"sina-btn-wrapper\">\r\n\t\t\t\t\t\t<a href=\"https:\/\/redapostolicaccrn.com\/en\/2025\/04\/05\/ejemplo3\/\" class=\"sina-read-more\">\r\n\t\t\t\t\t\t\t\t\tRead More\t\t\t\t\t\t\t\t<\/a>\r\n\t\t\t\t\t<\/div>\r\n\t\t\t\t\t\t\t\t\t\t\t<\/div>\r\n\t\t<\/div>\r\n\t<\/div>\r\n\t\t\t\t\t\t\t\t\t\t\t\t\t\t<\/div>\r\n\r\n\t\t\t\t\r\n\t\t\t\t\t\t\t\t<input type=\"hidden\" id=\"sina_load_more_posts8218b9c\" name=\"sina_load_more_posts8218b9c\" value=\"265a51d1ef\" \/><input type=\"hidden\" name=\"_wp_http_referer\" value=\"\/en\/wp-json\/wp\/v2\/pages\/6160\" \/>\t\t\t<\/div><!-- .sina-blogpost -->\r\n\t\t\t\t\t\t\t<\/div>\n\t\t\t\t<\/div>\n\t\t\t\t\t<\/div>\n\t\t\t\t<\/div>\n\t\t<div class=\"elementor-element elementor-element-ae98e97 e-flex e-con-boxed e-con e-parent\" data-id=\"ae98e97\" data-element_type=\"container\" data-e-type=\"container\">\n\t\t\t\t\t<div class=\"e-con-inner\">\n\t\t\t\t<div class=\"elementor-element elementor-element-3dd6058 elementor-widget elementor-widget-spacer\" data-id=\"3dd6058\" data-element_type=\"widget\" data-e-type=\"widget\" data-widget_type=\"spacer.default\">\n\t\t\t\t<div class=\"elementor-widget-container\">\n\t\t\t\t\t\t\t<div class=\"elementor-spacer\">\n\t\t\t<div class=\"elementor-spacer-inner\"><\/div>\n\t\t<\/div>\n\t\t\t\t\t\t<\/div>\n\t\t\t\t<\/div>\n\t\t\t\t\t<\/div>\n\t\t\t\t<\/div>\n\t\t<div class=\"elementor-element elementor-element-29acd45 e-flex e-con-boxed e-con e-parent\" data-id=\"29acd45\" data-element_type=\"container\" data-e-type=\"container\">\n\t\t\t\t\t<div class=\"e-con-inner\">\n\t\t\t\t<div class=\"elementor-element elementor-element-0644182 elementor-widget elementor-widget-heading\" data-id=\"0644182\" data-element_type=\"widget\" data-e-type=\"widget\" data-widget_type=\"heading.default\">\n\t\t\t\t<div class=\"elementor-widget-container\">\n\t\t\t\t\t<h2 class=\"elementor-heading-title elementor-size-default\">Events<\/h2>\t\t\t\t<\/div>\n\t\t\t\t<\/div>\n\t\t\t\t\t<\/div>\n\t\t\t\t<\/div>\n\t\t<div class=\"elementor-element elementor-element-44c052c e-flex e-con-boxed e-con e-parent\" data-id=\"44c052c\" data-element_type=\"container\" data-e-type=\"container\">\n\t\t\t\t\t<div class=\"e-con-inner\">\n\t\t\t\t\t<\/div>\n\t\t\t\t<\/div>\n\t\t<div class=\"elementor-element elementor-element-80152f7 e-flex e-con-boxed e-con e-parent\" data-id=\"80152f7\" data-element_type=\"container\" data-e-type=\"container\">\n\t\t\t\t\t<div class=\"e-con-inner\">\n\t\t\t\t<div class=\"elementor-element elementor-element-d5ae6b1 elementor-widget elementor-widget-spacer\" data-id=\"d5ae6b1\" data-element_type=\"widget\" data-e-type=\"widget\" data-widget_type=\"spacer.default\">\n\t\t\t\t<div class=\"elementor-widget-container\">\n\t\t\t\t\t\t\t<div class=\"elementor-spacer\">\n\t\t\t<div class=\"elementor-spacer-inner\"><\/div>\n\t\t<\/div>\n\t\t\t\t\t\t<\/div>\n\t\t\t\t<\/div>\n\t\t\t\t\t<\/div>\n\t\t\t\t<\/div>\n\t\t\t\t<\/div>","protected":false},"excerpt":{"rendered":"<p>Eventos y Noticias Mantente al tanto de todo lo que est\u00e1 ocurriendo en la Red Apost\u00f3lica. Aqu\u00ed encontrar\u00e1s informaci\u00f3n actualizada sobre eventos especiales, actividades, y noticias relevantes. Ultimas Noticias Video Congreso Legado &#8211; Ap. Raul Escucha un poco de lo que nos comparti\u00f3 nuestro Ap. Raul en el congreso Legado en Guatemala. Leer M\u00e1s Alcance [&hellip;]<\/p>","protected":false},"author":1,"featured_media":6764,"parent":0,"menu_order":0,"comment_status":"closed","ping_status":"closed","template":"","meta":{"_monsterinsights_skip_tracking":false,"_monsterinsights_sitenote_active":false,"_monsterinsights_sitenote_note":"","_monsterinsights_sitenote_category":0,"site-sidebar-layout":"no-sidebar","site-content-layout":"page-builder","ast-site-content-layout":"full-width-container","site-content-style":"default","site-sidebar-style":"default","ast-global-header-display":"","ast-banner-title-visibility":"","ast-main-header-display":"","ast-hfb-above-header-display":"","ast-hfb-below-header-display":"","ast-hfb-mobile-header-display":"","site-post-title":"disabled","ast-breadcrumbs-content":"","ast-featured-img":"disabled","footer-sml-layout":"","ast-disable-related-posts":"","theme-transparent-header-meta":"","adv-header-id-meta":"","stick-header-meta":"","header-above-stick-meta":"","header-main-stick-meta":"","header-below-stick-meta":"","astra-migrate-meta-layouts":"set","ast-page-background-enabled":"default","ast-page-background-meta":{"desktop":{"background-color":"var(--ast-global-color-4)","background-image":"","background-repeat":"repeat","background-position":"center center","background-size":"auto","background-attachment":"scroll","background-type":"","background-media":"","overlay-type":"","overlay-color":"","overlay-opacity":"","overlay-gradient":""},"tablet":{"background-color":"","background-image":"","background-repeat":"repeat","background-position":"center center","background-size":"auto","background-attachment":"scroll","background-type":"","background-media":"","overlay-type":"","overlay-color":"","overlay-opacity":"","overlay-gradient":""},"mobile":{"background-color":"","background-image":"","background-repeat":"repeat","background-position":"center center","background-size":"auto","background-attachment":"scroll","background-type":"","background-media":"","overlay-type":"","overlay-color":"","overlay-opacity":"","overlay-gradient":""}},"ast-content-background-meta":{"desktop":{"background-color":"var(--ast-global-color-5)","background-image":"","background-repeat":"repeat","background-position":"center center","background-size":"auto","background-attachment":"scroll","background-type":"","background-media":"","overlay-type":"","overlay-color":"","overlay-opacity":"","overlay-gradient":""},"tablet":{"background-color":"var(--ast-global-color-5)","background-image":"","background-repeat":"repeat","background-position":"center center","background-size":"auto","background-attachment":"scroll","background-type":"","background-media":"","overlay-type":"","overlay-color":"","overlay-opacity":"","overlay-gradient":""},"mobile":{"background-color":"var(--ast-global-color-5)","background-image":"","background-repeat":"repeat","background-position":"center center","background-size":"auto","background-attachment":"scroll","background-type":"","background-media":"","overlay-type":"","overlay-color":"","overlay-opacity":"","overlay-gradient":""}},"footnotes":""},"class_list":["post-6160","page","type-page","status-publish","has-post-thumbnail","hentry"],"_links":{"self":[{"href":"https:\/\/redapostolicaccrn.com\/en\/wp-json\/wp\/v2\/pages\/6160","targetHints":{"allow":["GET"]}}],"collection":[{"href":"https:\/\/redapostolicaccrn.com\/en\/wp-json\/wp\/v2\/pages"}],"about":[{"href":"https:\/\/redapostolicaccrn.com\/en\/wp-json\/wp\/v2\/types\/page"}],"author":[{"embeddable":true,"href":"https:\/\/redapostolicaccrn.com\/en\/wp-json\/wp\/v2\/users\/1"}],"replies":[{"embeddable":true,"href":"https:\/\/redapostolicaccrn.com\/en\/wp-json\/wp\/v2\/comments?post=6160"}],"version-history":[{"count":156,"href":"https:\/\/redapostolicaccrn.com\/en\/wp-json\/wp\/v2\/pages\/6160\/revisions"}],"predecessor-version":[{"id":7371,"href":"https:\/\/redapostolicaccrn.com\/en\/wp-json\/wp\/v2\/pages\/6160\/revisions\/7371"}],"wp:featuredmedia":[{"embeddable":true,"href":"https:\/\/redapostolicaccrn.com\/en\/wp-json\/wp\/v2\/media\/6764"}],"wp:attachment":[{"href":"https:\/\/redapostolicaccrn.com\/en\/wp-json\/wp\/v2\/media?parent=6160"}],"curies":[{"name":"wp","href":"https:\/\/api.w.org\/{rel}","templated":true}]}}